{"id":4260,"date":"2020-06-15T13:38:39","date_gmt":"2020-06-15T13:38:39","guid":{"rendered":"https:\/\/framing-spaces.com\/?page_id=4260"},"modified":"2024-05-12T20:04:29","modified_gmt":"2024-05-12T20:04:29","slug":"services","status":"publish","type":"page","link":"https:\/\/framing-spaces.com\/es\/services\/","title":{"rendered":"Servicios"},"content":{"rendered":"<div  class=\"tatsu-fqp42yzbnc8e8brj tatsu-section  tatsu-bg-overlay   tatsu-clearfix\" data-title=\"\"  data-headerscheme=\"background--light\"><div class='tatsu-section-pad clearfix' data-padding='{\"d\":\"90px 0% 90px 0%\"}' data-padding-top='90px'><div class=\"tatsu-row-wrap  tatsu-wrap tatsu-row-one-col tatsu-row-has-one-cols tatsu-medium-gutter tatsu-reg-cols  tatsu-clearfix tatsu-fqp42yzboeamo2mn\" ><div  class=\"tatsu-row\" ><div  class=\"tatsu-column  tatsu-bg-overlay tatsu-one-col tatsu-column-image-none tatsu-column-effect-none  tatsu-fqp42yzbom2rwa3m\"  data-parallax-speed=\"0\" style=\"\"><div class=\"tatsu-column-inner\" ><div class=\"tatsu-column-pad-wrap\"><div class=\"tatsu-column-pad\" ><div  class=\"tatsu-module tatsu-text-block-wrap tatsu-fqp42yzbos5as6q5\"><div class=\"tatsu-text-inner tatsu-align-center tatsu-animate clearfix\" data-animation=\"fadeIn\"  ><style>.tatsu-fqp42yzbos5as6q5.tatsu-text-block-wrap .tatsu-text-inner{text-align: center;}.tatsu-fqp42yzbos5as6q5.tatsu-text-block-wrap{margin: 2px 0px 30px 0px;}.tatsu-fqp42yzbos5as6q5.tatsu-text-block-wrap .tatsu-text-inner *{font-family : \"BrandonGrotesque-Medium\",-apple-system,BlinkMacSystemFont,'Segoe UI',Roboto,Oxygen-Sans,Ubuntu,Cantarell,'Helvetica Neue',sans-serif;}@media only screen and (max-width:1377px) {.tatsu-fqp42yzbos5as6q5.tatsu-text-block-wrap .tatsu-text-inner{padding: 0px 0px 0px 2px;}}@media only screen and (min-width:768px) and (max-width: 1024px) {.tatsu-fqp42yzbos5as6q5.tatsu-text-block-wrap{margin: 4px 0px 30px 0px;}}@media only screen and (max-width: 767px) {.tatsu-fqp42yzbos5as6q5.tatsu-text-block-wrap{margin: 4px 0px 30px 0px;}}<\/style>\n<h1 style=\"text-align: center;\"><span style=\"color: #ffffff; letter-spacing: 2px;\">NUESTROS SERVICIOS<\/span><\/h1>\n<\/div><\/div><\/div><\/div><div class = \"tatsu-column-bg-image-wrap\"><div class = \"tatsu-column-bg-image\" ><\/div><\/div><div class=\"tatsu-overlay tatsu-column-overlay tatsu-animate-none\" ><\/div><\/div><style>.tatsu-row > .tatsu-fqp42yzbom2rwa3m.tatsu-column{width: 100%;}.tatsu-fqp42yzbom2rwa3m.tatsu-column > .tatsu-column-inner > .tatsu-column-overlay{mix-blend-mode: normal;}.tatsu-fqp42yzbom2rwa3m > .tatsu-column-inner > .tatsu-top-divider{z-index: 9999;}.tatsu-fqp42yzbom2rwa3m > .tatsu-column-inner > .tatsu-bottom-divider{z-index: 9999;}.tatsu-fqp42yzbom2rwa3m > .tatsu-column-inner > .tatsu-left-divider{z-index: 9999;}.tatsu-fqp42yzbom2rwa3m > .tatsu-column-inner > .tatsu-right-divider{z-index: 9999;}<\/style><\/div><\/div><\/div><\/div><div class=\"tatsu-section-background-wrap\"><div class = \"tatsu-section-background\" ><\/div><\/div><div class=\"tatsu-overlay tatsu-section-overlay\"><\/div><style>.tatsu-fqp42yzbnc8e8brj .tatsu-section-background{background-image: url(http:\/\/framing-spaces.com\/wp-content\/uploads\/2024\/01\/pexels-scott-webb-2117937-scaled.jpg);background-repeat: no-repeat;background-attachment: fixed;background-position: top right;background-size: cover;}.tatsu-fqp42yzbnc8e8brj .tatsu-bg-blur{background-repeat: no-repeat;background-attachment: fixed;background-position: top right;background-size: cover;}.tatsu-fqp42yzbnc8e8brj{border-width: 0px 0px px 0px;border-style: solid;}.tatsu-fqp42yzbnc8e8brj .tatsu-section-pad{padding: 90px 0% 90px 0%;}.tatsu-fqp42yzbnc8e8brj > .tatsu-bottom-divider{z-index: 9999;}.tatsu-fqp42yzbnc8e8brj > .tatsu-top-divider{z-index: 9999;}.tatsu-fqp42yzbnc8e8brj .tatsu-section-overlay{background: rgba(0,0,0,0.2);mix-blend-mode: normal;}<\/style><\/div><div  class=\"tatsu-fqp42yzbv63ujot5 tatsu-section  tatsu-bg-overlay   tatsu-clearfix\" data-title=\"\"  data-headerscheme=\"background--light\"><div class='tatsu-section-pad clearfix' data-padding='{\"d\":\"35px 0% 1px 0%\",\"l\":\"38px 0% 0px 0%\"}' data-padding-top='35px'><div class=\"tatsu-row-wrap  tatsu-wrap tatsu-row-one-col tatsu-row-has-one-cols tatsu-medium-gutter tatsu-reg-cols  tatsu-clearfix tatsu-fqp42yzbvl7sw788\" ><div  class=\"tatsu-row fs-justify\" ><div  class=\"tatsu-column  tatsu-bg-overlay tatsu-one-col tatsu-column-image-none tatsu-column-effect-none  tatsu-fqp42yzbvrduq62k\"  data-parallax-speed=\"0\" style=\"\"><div class=\"tatsu-column-inner\" ><div class=\"tatsu-column-pad-wrap\"><div class=\"tatsu-column-pad\" ><div  class=\"special-heading-wrap style1 oshine-module  tatsu-animate tatsu-fqp42yzbvwa991sm\" data-animation=\"fadeIn\"  ><div class=\"special-heading align-center\"><h2 class=\"special-h-tag\" >AYUDAMOS LAS MARCAS A ELEVAR SU PRESENCIA DIGITAL Y AUMENTAR SUS VENTAS A TRAV\u00c9S DE LA NARRACI\u00d3N VISUAL<\/h2><div class=\"sep-with-icon-wrap margin-bottom\"><span class=\"sep-with-icon\" ><\/span><i class=\"sep-icon font-icon oshine_diamond\"><\/i><span class=\"sep-with-icon\" ><\/span><\/div><\/div><style>.tatsu-fqp42yzbvwa991sm .sep-icon.oshine_diamond{background: rgba(98,98,98,1);}.tatsu-fqp42yzbvwa991sm .sep-with-icon{height: 1px;width: 30px;background: #e8e8e8;}<\/style><\/div><\/div><\/div><div class = \"tatsu-column-bg-image-wrap\"><div class = \"tatsu-column-bg-image\" ><\/div><\/div><div class=\"tatsu-overlay tatsu-column-overlay tatsu-animate-none\" ><\/div><\/div><style>.tatsu-row > .tatsu-fqp42yzbvrduq62k.tatsu-column{width: 100%;}.tatsu-fqp42yzbvrduq62k.tatsu-column > .tatsu-column-inner > .tatsu-column-overlay{mix-blend-mode: normal;}.tatsu-fqp42yzbvrduq62k > .tatsu-column-inner > .tatsu-top-divider{z-index: 9999;}.tatsu-fqp42yzbvrduq62k > .tatsu-column-inner > .tatsu-bottom-divider{z-index: 9999;}.tatsu-fqp42yzbvrduq62k > .tatsu-column-inner > .tatsu-left-divider{z-index: 9999;}.tatsu-fqp42yzbvrduq62k > .tatsu-column-inner > .tatsu-right-divider{z-index: 9999;}<\/style><\/div><\/div><\/div><\/div><div class=\"tatsu-section-background-wrap\"><div class = \"tatsu-section-background\" ><\/div><\/div><div class=\"tatsu-overlay tatsu-section-overlay\"><\/div><style>.tatsu-fqp42yzbv63ujot5.tatsu-section{background-color: #ffffff;}.tatsu-fqp42yzbv63ujot5{border-width: 0px 0px px 0px;border-style: solid;}.tatsu-fqp42yzbv63ujot5 .tatsu-section-pad{padding: 35px 0% 1px 0%;}.tatsu-fqp42yzbv63ujot5 > .tatsu-bottom-divider{z-index: 9999;}.tatsu-fqp42yzbv63ujot5 > .tatsu-top-divider{z-index: 9999;}.tatsu-fqp42yzbv63ujot5 .tatsu-section-overlay{mix-blend-mode: normal;}@media only screen and (max-width:1377px) {.tatsu-fqp42yzbv63ujot5 .tatsu-section-pad{padding: 38px 0% 0px 0%;}}<\/style><\/div><div  class=\"tatsu-H1yNr_nKa tatsu-section    tatsu-clearfix\" data-title=\"\"  data-headerscheme=\"background--dark\"><div class='tatsu-section-pad clearfix' data-padding='{\"d\":\"0px 0px 15px 0px\"}' data-padding-top='0px'><div class=\"tatsu-row-wrap  tatsu-wrap tatsu-row-has-one-half tatsu-row-has-two-cols tatsu-tiny-gutter tatsu-eq-cols  tatsu-clearfix tatsu-rJxJEHO3FT\" ><style>.tatsu-rJxJEHO3FT > .tatsu-row{margin-top: -2px;}.tatsu-rJxJEHO3FT.tatsu-row-wrap > .tatsu-row{margin-bottom: 0px;}<\/style><div  class=\"tatsu-row\" ><div  class=\"tatsu-column  tatsu-column-no-bg tatsu-one-half tatsu-column-align-middle tatsu-column-image-none tatsu-column-effect-none  tatsu-BJZyVSunF6\"  data-parallax-speed=\"0\" style=\"\"><div class=\"tatsu-column-inner  tatsu-column-sticky\" ><div class=\"tatsu-column-pad-wrap\"><div class=\"tatsu-column-pad\" ><div  class=\"tatsu-module tatsu-normal-icon tatsu-icon-shortcode align-center tatsu-B1ssTqv56\"><style>.tatsu-B1ssTqv56 .tatsu-icon{color: rgba(74,74,74,1) ;}.tatsu-B1ssTqv56.tatsu-normal-icon{margin: 19px 0px 20px 0px;}.tatsu-B1ssTqv56{border-width: 0px 0px 0px 0px;}<\/style><a href=\"#\"  class=\"tatsu-icon-wrap plain  tatsu-animate\" data-animation=\"fadeInDown\"   aria-label=\"tatsu-icon-picasa\" data-gdpr-atts=\"{}\"   ><i class=\"tatsu-icon tatsu-custom-icon tatsu-custom-icon-class tatsu-icon-picasa large plain\"><\/i><\/a><\/div><div  class=\"tatsu-module tatsu-inline-text clearfix tatsu-Hkmk4S_3Ka\" ><style>.tatsu-Hkmk4S_3Ka .tatsu-inline-text-inner{width: 100%;text-align: center;}.tatsu-Hkmk4S_3Ka.tatsu-inline-text{margin: 0px 0px 0px 0px;}<\/style><div class=\"tatsu-inline-text-inner tatsu-align-center\">\n<h6 style=\"text-align: center;\"><strong>FOTOGRAF\u00cdA<\/strong><\/h6>\n<\/div><\/div><div  class=\"tatsu-module tatsu-text-block-wrap tatsu-HJ4bP9vqp\"><div class=\"tatsu-text-inner tatsu-align-center  clearfix\" ><style>.tatsu-HJ4bP9vqp.tatsu-text-block-wrap .tatsu-text-inner{width: 100%;text-align: left;}.tatsu-HJ4bP9vqp.tatsu-text-block-wrap{margin: 10px 0px 30px 0px;}<\/style>\n<p style=\"text-align: center;\">Inmobiliaria<br \/>Arquitectura<br \/>\u25aa\ufe0e Interior &#038; Exterior<br \/>Contenido Visual de Marca\u00a0<\/p>\n<\/div><\/div><\/div><\/div><div class = \"tatsu-column-bg-image-wrap\"><div class = \"tatsu-column-bg-image\" ><\/div><\/div><\/div><style>.tatsu-row > .tatsu-BJZyVSunF6.tatsu-column{width: 50%;}.tatsu-BJZyVSunF6.tatsu-column > .tatsu-column-inner > .tatsu-column-overlay{mix-blend-mode: none;}.tatsu-BJZyVSunF6 > .tatsu-column-inner > .tatsu-top-divider{z-index: 9999;}.tatsu-BJZyVSunF6 > .tatsu-column-inner > .tatsu-bottom-divider{z-index: 9999;}.tatsu-BJZyVSunF6 > .tatsu-column-inner > .tatsu-left-divider{z-index: 9999;}.tatsu-BJZyVSunF6 > .tatsu-column-inner > .tatsu-right-divider{z-index: 9999;}@media only screen and (max-width:1377px) {.tatsu-row > .tatsu-BJZyVSunF6.tatsu-column{width: 50%;}}@media only screen and (min-width:768px) and (max-width: 1024px) {.tatsu-row > .tatsu-BJZyVSunF6.tatsu-column{width: 50%;}}@media only screen and (max-width: 767px) {.tatsu-row > .tatsu-BJZyVSunF6.tatsu-column{width: 100%;}}<\/style><\/div><div  class=\"tatsu-column  tatsu-column-no-bg tatsu-one-half tatsu-column-image-none tatsu-column-effect-none  tatsu-SJEyEH_hK6\"  data-parallax-speed=\"0\" style=\"\"><div class=\"tatsu-column-inner  tatsu-column-sticky\" ><div class=\"tatsu-column-pad-wrap\"><div class=\"tatsu-column-pad\" ><div  class=\"tatsu-module tatsu-normal-icon tatsu-icon-shortcode align-center tatsu-rJryNrOnK6\"><style>.tatsu-rJryNrOnK6 .tatsu-icon{color: rgba(74,74,74,1) ;}.tatsu-rJryNrOnK6.tatsu-normal-icon{margin: 19px 0px 20px 0px;}.tatsu-rJryNrOnK6{border-width: 0px 0px 0px 0px;}<\/style><a href=\"#\"  class=\"tatsu-icon-wrap plain  tatsu-animate\" data-animation=\"fadeInDown\"   aria-label=\"tatsu-icon-video-camera\" data-gdpr-atts=\"{}\"   ><i class=\"tatsu-icon tatsu-custom-icon tatsu-custom-icon-class tatsu-icon-video-camera large plain\"><\/i><\/a><\/div><div  class=\"tatsu-module tatsu-inline-text clearfix tatsu-SJbZGovc6\" ><style>.tatsu-SJbZGovc6 .tatsu-inline-text-inner{width: 100%;text-align: left;}.tatsu-SJbZGovc6.tatsu-inline-text{margin: 0px 0px 0px 0px;}<\/style><div class=\"tatsu-inline-text-inner tatsu-align-center\">\n<h6 style=\"text-align: center;\"><strong>VIDEOGRAF\u00cdA<\/strong><\/h6>\n<\/div><\/div><div  class=\"tatsu-module tatsu-text-block-wrap tatsu-HkHE_cD9p\"><div class=\"tatsu-text-inner tatsu-align-center  clearfix\" ><style>.tatsu-HkHE_cD9p.tatsu-text-block-wrap .tatsu-text-inner{width: 100%;text-align: left;}.tatsu-HkHE_cD9p.tatsu-text-block-wrap{margin: 10px 0px 30px 0px;}<\/style>\n<p style=\"text-align: center;\">Visitas inmobiliarias<br \/>Recorridos virtuales<br \/>Videograf\u00eda a\u00e9rea<br \/>V\u00eddeos promocionales <\/p>\n<\/div><\/div><\/div><\/div><div class = \"tatsu-column-bg-image-wrap\"><div class = \"tatsu-column-bg-image\" ><\/div><\/div><\/div><style>.tatsu-row > .tatsu-SJEyEH_hK6.tatsu-column{width: 50%;}.tatsu-SJEyEH_hK6.tatsu-column > .tatsu-column-inner > .tatsu-column-overlay{mix-blend-mode: none;}.tatsu-SJEyEH_hK6 > .tatsu-column-inner > .tatsu-top-divider{z-index: 9999;}.tatsu-SJEyEH_hK6 > .tatsu-column-inner > .tatsu-bottom-divider{z-index: 9999;}.tatsu-SJEyEH_hK6 > .tatsu-column-inner > .tatsu-left-divider{z-index: 9999;}.tatsu-SJEyEH_hK6 > .tatsu-column-inner > .tatsu-right-divider{z-index: 9999;}@media only screen and (max-width:1377px) {.tatsu-row > .tatsu-SJEyEH_hK6.tatsu-column{width: 50%;}}@media only screen and (min-width:768px) and (max-width: 1024px) {.tatsu-row > .tatsu-SJEyEH_hK6.tatsu-column{width: 50%;}}@media only screen and (max-width: 767px) {.tatsu-row > .tatsu-SJEyEH_hK6.tatsu-column{width: 100%;}}<\/style><\/div><\/div><\/div><\/div><div class=\"tatsu-section-background-wrap\"><div class = \"tatsu-section-background\" ><\/div><\/div><style>.tatsu-H1yNr_nKa .tatsu-section-pad{padding: 0px 0px 15px 0px;}.tatsu-H1yNr_nKa.tatsu-section{margin: -12px 0px -24px 0px;}.tatsu-H1yNr_nKa > .tatsu-bottom-divider{z-index: 9999;}.tatsu-H1yNr_nKa > .tatsu-top-divider{z-index: 9999;}<\/style><\/div><div  class=\"tatsu-HkbWAFsv56 tatsu-section  tatsu-bg-overlay   tatsu-clearfix\" data-title=\"\"  data-headerscheme=\"background--dark\"><div class='tatsu-section-pad clearfix' data-padding='{\"d\":\"25px 0px 10px 0px\"}' data-padding-top='25px'><div class=\"tatsu-row-wrap  tatsu-wrap tatsu-row-one-col tatsu-row-has-one-cols tatsu-medium-gutter tatsu-reg-cols  tatsu-clearfix tatsu-ryeW0tiPqT\" ><div  class=\"tatsu-row\" ><div  class=\"tatsu-column  tatsu-bg-overlay tatsu-one-col tatsu-column-image-none tatsu-column-effect-none  tatsu-SyoAFsPq6\"  data-parallax-speed=\"0\" style=\"\"><div class=\"tatsu-column-inner\" ><div class=\"tatsu-column-pad-wrap\"><div class=\"tatsu-column-pad\" ><div  class=\"special-heading-wrap style1 oshine-module  tatsu-animate tatsu-rJGR89RzC\" data-animation=\"fadeIn\"  ><div class=\"special-heading align-center\"><h4 class=\"special-h-tag\" >RAZONES POR LAS QUE LA FOTOGRAF\u00cdA Y VIDEO DE ALTA CALIDAD ES ESENCIAL PARA EL \u00c9XITO DEL MARKETING<\/h4><\/div><style>.tatsu-rJGR89RzC .sep-icon.oshine_diamond{background: rgba(98,98,98,1);}.tatsu-rJGR89RzC{margin: 10px 0px 0px 0px;}<\/style><\/div><div  class=\"tatsu-module tatsu-title-icon  tatsu-ryRPjAw9p\" ><span class=\"tatsu-ti-wrap tatsu-ti medium plain align-left\" ><i class=\"icon-bargraph tatsu-ti tatsu-ti-icon\"><\/i><\/span><div class=\"tatsu-tc tatsu-tc-custom-space align-left medium plain\">\n<ul>\n<li><strong>Primera Impresi\u00f3n<\/strong>: Las fotos y videos de calidad generan un atractivo inmediato.<\/li>\n<li><strong>Destacarse<\/strong>: Diferencia las propiedades en un mercado competitivo.<\/li>\n<li><strong>Compromiso<\/strong>: Atrae a posibles compradores, generando inter\u00e9s.<\/li>\n<li><strong>Conexi\u00f3n Emocional<\/strong>: Captura la imaginaci\u00f3n y los deseos.<\/li>\n<li><strong>Credibilidad<\/strong>: Refleja profesionalismo y confiabilidad.<\/li>\n<li><strong>Exposici\u00f3n M\u00e1xima<\/strong>Ampl\u00eda el alcance en m\u00faltiples plataformas.<\/li>\n<\/ul>\n<\/div><style>.tatsu-ryRPjAw9p .tatsu-ti-icon{color: rgba(98,98,98,1) ;}.tatsu-ryRPjAw9p{margin: 0px 0px 25px 0px;}<\/style><\/div><div  class=\"special-heading-wrap style1 oshine-module  tatsu-animate tatsu-H1nQvruqT\" data-animation=\"fadeIn\"  ><div class=\"special-heading align-center\"><h4 class=\"special-h-tag\" >\u00bfC\u00d3MO LE PROPORCIONAMOS RESULTADOS?<\/h4><\/div><style>.tatsu-H1nQvruqT .sep-icon.oshine_diamond{background: rgba(98,98,98,1);}.tatsu-H1nQvruqT{margin: 0px 0px 0px 0px;}<\/style><\/div><div  class=\"tatsu-module tatsu-title-icon  tatsu-BJq7cow9T\" ><span class=\"tatsu-ti-wrap tatsu-ti medium plain align-left\" ><i class=\"icon-focus tatsu-ti tatsu-ti-icon\"><\/i><\/span><div class=\"tatsu-tc tatsu-tc-custom-space align-left medium plain\">\n<h5>ESPACIOS<\/h5>\n<p style=\"text-align: justify;\" class=\" translation-block\">Fotografiamos los <strong>espacios interiores y exteriores<\/strong> de las propiedades de forma que destaquen sus caracter\u00edsticas \u00fanicas, su decoraci\u00f3n, su dise\u00f1o y su distribuci\u00f3n, proporcionando a los compradores potenciales una sensaci\u00f3n v\u00edvida del ambiente mientras se imaginan viviendo o trabajando en el espacio.<\/p>\n<p style=\"text-align: justify;\" class=\" translation-block\">Las im\u00e1genes de alta calidad<strong> atraen a m\u00e1s compradores<\/strong>, crean conexiones emocionales y diferencian su propiedad de la competencia. Muestre las mejores caracter\u00edsticas de su propiedad y <strong>maximice su exposici\u00f3n online<\/strong>, logrando en definitiva ventas m\u00e1s r\u00e1pidas y un mayor retorno de inversi\u00f3n.<\/p>\n<\/div><style>.tatsu-BJq7cow9T .tatsu-ti-icon{color: rgba(98,98,98,1) ;}.tatsu-BJq7cow9T{margin: 0px 0px 25px 0px;}<\/style><\/div><\/div><\/div><div class = \"tatsu-column-bg-image-wrap\"><div class = \"tatsu-column-bg-image\" ><\/div><\/div><div class=\"tatsu-overlay tatsu-column-overlay tatsu-animate-none\" ><\/div><\/div><style>.tatsu-row > .tatsu-SyoAFsPq6.tatsu-column{width: 100%;}.tatsu-SyoAFsPq6.tatsu-column > .tatsu-column-inner > .tatsu-column-overlay{mix-blend-mode: normal;}.tatsu-SyoAFsPq6 > .tatsu-column-inner > .tatsu-top-divider{z-index: 9999;}.tatsu-SyoAFsPq6 > .tatsu-column-inner > .tatsu-bottom-divider{z-index: 9999;}.tatsu-SyoAFsPq6 > .tatsu-column-inner > .tatsu-left-divider{z-index: 9999;}.tatsu-SyoAFsPq6 > .tatsu-column-inner > .tatsu-right-divider{z-index: 9999;}@media only screen and (max-width:1377px) {.tatsu-row > .tatsu-SyoAFsPq6.tatsu-column{width: 100%;}}@media only screen and (min-width:768px) and (max-width: 1024px) {.tatsu-row > .tatsu-SyoAFsPq6.tatsu-column{width: 100%;}}@media only screen and (max-width: 767px) {.tatsu-row > .tatsu-SyoAFsPq6.tatsu-column{width: 100%;}}<\/style><\/div><\/div><\/div><\/div><div class=\"tatsu-section-background-wrap\"><div class = \"tatsu-section-background\" ><\/div><\/div><div class=\"tatsu-overlay tatsu-section-overlay\"><\/div><style>.tatsu-HkbWAFsv56 .tatsu-section-pad{padding: 25px 0px 10px 0px;}.tatsu-HkbWAFsv56 .tatsu-section-offset-wrap{transform: translateY(-0px);}.tatsu-HkbWAFsv56 > .tatsu-bottom-divider{z-index: 9999;}.tatsu-HkbWAFsv56 > .tatsu-top-divider{z-index: 9999;}.tatsu-HkbWAFsv56 .tatsu-section-overlay{mix-blend-mode: normal;}<\/style><\/div><div  class=\"tatsu-fqp42yzdq84rsldu tatsu-section  tatsu-section-offset tatsu-bg-overlay   tatsu-clearfix\" data-title=\"\"  data-headerscheme=\"background--dark\"><div class='tatsu-section-pad clearfix' data-padding='{\"d\":\"32px 0% 10px 0%\",\"l\":\"28px 0% 6px 0%\"}' data-padding-top='32px'><div class=\"tatsu-section-offset-wrap\"><div class=\"tatsu-row-wrap  tatsu-wrap tatsu-row-one-col tatsu-row-has-one-cols tatsu-medium-gutter tatsu-reg-cols  tatsu-clearfix tatsu-fqp42yzdqf98vaza\" ><div  class=\"tatsu-row\" ><div  class=\"tatsu-column  tatsu-bg-overlay tatsu-one-col tatsu-column-image-none tatsu-column-effect-none  tatsu-fqp42yzdql1dtro0\"  data-parallax-speed=\"0\" style=\"\"><div class=\"tatsu-column-inner\" ><div class=\"tatsu-column-pad-wrap\"><div class=\"tatsu-column-pad\" ><div  class=\"special-heading-wrap style1 oshine-module  tatsu-animate tatsu-fqp42yzdr02m3qau\" data-animation=\"fadeIn\"  ><div class=\"special-heading align-center\"><h4 class=\"special-h-tag\" >NUESTROS CLIENTES<\/h4><div class=\"sep-with-icon-wrap margin-bottom\"><span class=\"sep-with-icon\" ><\/span><i class=\"sep-icon font-icon oshine_diamond\"><\/i><span class=\"sep-with-icon\" ><\/span><\/div><\/div><style>.tatsu-fqp42yzdr02m3qau .sep-icon.oshine_diamond{background: rgba(98,98,98,1);}.tatsu-fqp42yzdr02m3qau .sep-with-icon{height: 1px;width: 25px;background: #e8e8e8;}.tatsu-fqp42yzdr02m3qau{margin: -1px 0px 0px 0px;}<\/style><\/div><div  class=\"special-subtitle-wrap  tatsu-fqp42yzdtngcffwj   tatsu-animate\" data-animation=\"fadeIn\"   ><div class=\"align-center\"><span class=\"special-subtitle\" >La raz\u00f3n por la que Framing Spaces hace lo que hace. Gracias por ser nuestro fiel cliente.<\/span><\/div><style>.tatsu-fqp42yzdtngcffwj .special-subtitle{font-size: 18px;color: rgba(98,98,98,1) ;width: 60%;}.tatsu-fqp42yzdtngcffwj.special-subtitle-wrap{margin-bottom: 30px;}.tatsu-fqp42yzdtngcffwj{padding: 18px 0px 18px 0px;}@media only screen and (min-width:768px) and (max-width: 1024px) {.tatsu-fqp42yzdtngcffwj .special-subtitle{font-size: 18px;}.tatsu-fqp42yzdtngcffwj.special-subtitle-wrap{margin-bottom: 30px;}.tatsu-fqp42yzdtngcffwj{padding: 16px 0px 18px 0px;}}<\/style><\/div><\/div><\/div><div class = \"tatsu-column-bg-image-wrap\"><div class = \"tatsu-column-bg-image\" ><\/div><\/div><div class=\"tatsu-overlay tatsu-column-overlay tatsu-animate-none\" ><\/div><\/div><style>.tatsu-row > .tatsu-fqp42yzdql1dtro0.tatsu-column{width: 100%;}.tatsu-fqp42yzdql1dtro0.tatsu-column > .tatsu-column-inner > .tatsu-column-overlay{mix-blend-mode: normal;}.tatsu-fqp42yzdql1dtro0 > .tatsu-column-inner > .tatsu-top-divider{z-index: 9999;}.tatsu-fqp42yzdql1dtro0 > .tatsu-column-inner > .tatsu-bottom-divider{z-index: 9999;}.tatsu-fqp42yzdql1dtro0 > .tatsu-column-inner > .tatsu-left-divider{z-index: 9999;}.tatsu-fqp42yzdql1dtro0 > .tatsu-column-inner > .tatsu-right-divider{z-index: 9999;}<\/style><\/div><\/div><\/div><\/div><\/div><div class=\"tatsu-section-background-wrap\"><div class = \"tatsu-section-background\" ><\/div><\/div><div class=\"tatsu-overlay tatsu-section-overlay\"><\/div><style>.tatsu-fqp42yzdq84rsldu.tatsu-section{background-color: rgba(255,255,255,1);}.tatsu-fqp42yzdq84rsldu .tatsu-section-pad{padding: 32px 0% 10px 0%;}.tatsu-fqp42yzdq84rsldu .tatsu-section-offset-wrap{transform: translateY(-5px);}.tatsu-fqp42yzdq84rsldu > .tatsu-bottom-divider{z-index: 9999;}.tatsu-fqp42yzdq84rsldu > .tatsu-top-divider{z-index: 9999;}.tatsu-fqp42yzdq84rsldu .tatsu-section-overlay{mix-blend-mode: normal;}@media only screen and (max-width:1377px) {.tatsu-fqp42yzdq84rsldu .tatsu-section-pad{padding: 28px 0% 6px 0%;}}<\/style><\/div><div  class=\"tatsu-fqp42yzeb5bs6aon tatsu-section  tatsu-bg-overlay   tatsu-clearfix\" data-title=\"\"  data-headerscheme=\"background--light\"><div class='tatsu-section-pad clearfix' data-padding='{\"d\":\"15px 0% 15px 0%\"}' data-padding-top='15px'><div class=\"tatsu-row-wrap  tatsu-wrap tatsu-row-one-col tatsu-row-has-one-cols tatsu-medium-gutter tatsu-reg-cols  tatsu-clearfix tatsu-fqp42yzebi43hghr\" ><div  class=\"tatsu-row\" ><div  class=\"tatsu-column  tatsu-bg-overlay tatsu-one-col tatsu-column-image-none tatsu-column-effect-none  tatsu-fqp42yzebndx1ogp\"  data-parallax-speed=\"0\" style=\"\"><div class=\"tatsu-column-inner\" ><div class=\"tatsu-column-pad-wrap\"><div class=\"tatsu-column-pad\" ><div  class=\"carousel-wrap oshine-module clearfix  tatsu-fqp42yzebs51orb1\"  ><ul class=\"be-owl-carousel client-carousel-module\" data-slide-show=\"1\" data-slide-navigation-dots=\"0\" data-slide-show-speed=\"2500\"><li  class=\"carousel-item client-carousel-item c_to_c  tatsu-fqp42yzeby6doqyv\"  ><a href=\"#\" ><img decoding=\"async\" src=\"https:\/\/framing-spaces.com\/wp-content\/uploads\/2020\/03\/Logo_W.png\" alt=\"\" \/><\/a><\/li><li  class=\"carousel-item client-carousel-item c_to_c  tatsu-fqp42yzeeqfj149t\"  ><a href=\"#\" ><img decoding=\"async\" src=\"https:\/\/framing-spaces.com\/wp-content\/uploads\/2020\/03\/white-bacardi.png\" alt=\"\" \/><\/a><\/li><li  class=\"carousel-item client-carousel-item c_to_c  tatsu-fqp42yzeha69b6pq\"  ><a href=\"#\" ><img decoding=\"async\" src=\"https:\/\/framing-spaces.com\/wp-content\/uploads\/2020\/03\/GLOBALblanco.png\" alt=\"\" \/><\/a><\/li><li  class=\"carousel-item client-carousel-item c_to_c  tatsu-fqp42yzen0f2covg\"  ><a href=\"#\" ><img decoding=\"async\" src=\"https:\/\/framing-spaces.com\/wp-content\/uploads\/2020\/03\/TravelPerk_blue.png\" alt=\"\" \/><\/a><\/li><li  class=\"carousel-item client-carousel-item c_to_c  tatsu-ryHhzhLca\"  ><a href=\"#\" target=\"_blank\"><img decoding=\"async\" src=\"http:\/\/framing-spaces.com\/wp-content\/uploads\/2024\/01\/Untitled-3.png\" alt=\"\" \/><\/a><\/li><li  class=\"carousel-item client-carousel-item c_to_c  tatsu-fqp42yzepe8ri2t\"  ><a href=\"#\" ><img decoding=\"async\" src=\"https:\/\/framing-spaces.com\/wp-content\/uploads\/2020\/03\/atoutfrance.png\" alt=\"\" \/><\/a><\/li><li  class=\"carousel-item client-carousel-item c_to_c  tatsu-fqp42yzejxbimonr\"  ><a href=\"#\" ><img decoding=\"async\" src=\"https:\/\/framing-spaces.com\/wp-content\/uploads\/2020\/03\/Freewalker.png\" alt=\"\" \/><\/a><\/li><li  class=\"carousel-item client-carousel-item c_to_c  tatsu-af2aNI_FD\"  ><a href=\"#\" target=\"_blank\"><img decoding=\"async\" src=\"https:\/\/framing-spaces.com\/wp-content\/uploads\/2020\/03\/MIXOLOGYART__.png\" alt=\"\" \/><\/a><\/li><\/ul><style>.tatsu-fqp42yzebs51orb1{padding: 10px 0px 10px 0px;margin: 0px 2px 0px 0px;}@media only screen and (max-width:1377px) {.tatsu-fqp42yzebs51orb1{padding: 0px 0px 0px 0px;margin: 0px 0px 0px 0px;}}<\/style><\/div><\/div><\/div><div class = \"tatsu-column-bg-image-wrap\"><div class = \"tatsu-column-bg-image\" ><\/div><\/div><div class=\"tatsu-overlay tatsu-column-overlay tatsu-animate-none\" ><\/div><\/div><style>.tatsu-row > .tatsu-fqp42yzebndx1ogp.tatsu-column{width: 100%;}.tatsu-fqp42yzebndx1ogp.tatsu-column > .tatsu-column-inner > .tatsu-column-overlay{mix-blend-mode: normal;}.tatsu-fqp42yzebndx1ogp > .tatsu-column-inner > .tatsu-top-divider{z-index: 9999;}.tatsu-fqp42yzebndx1ogp > .tatsu-column-inner > .tatsu-bottom-divider{z-index: 9999;}.tatsu-fqp42yzebndx1ogp > .tatsu-column-inner > .tatsu-left-divider{z-index: 9999;}.tatsu-fqp42yzebndx1ogp > .tatsu-column-inner > .tatsu-right-divider{z-index: 9999;}<\/style><\/div><\/div><\/div><\/div><div class=\"tatsu-section-background-wrap\"><div class = \"tatsu-section-background\" ><\/div><\/div><div class=\"tatsu-overlay tatsu-section-overlay\"><\/div><style>.tatsu-fqp42yzeb5bs6aon.tatsu-section{background-color: rgba(53,53,53,1);}.tatsu-fqp42yzeb5bs6aon{border-width: 0px 0px px 0px;border-style: solid;}.tatsu-fqp42yzeb5bs6aon .tatsu-section-pad{padding: 15px 0% 15px 0%;}.tatsu-fqp42yzeb5bs6aon > .tatsu-bottom-divider{z-index: 9999;}.tatsu-fqp42yzeb5bs6aon > .tatsu-top-divider{z-index: 9999;}.tatsu-fqp42yzeb5bs6aon .tatsu-section-overlay{mix-blend-mode: normal;}<\/style><\/div>","protected":false},"excerpt":{"rendered":"<p><a href=\"https:\/\/framing-spaces.com\/es\/services\/\" class=\"more-link style2-button\">Read More<\/a><\/p>","protected":false},"author":1,"featured_media":0,"parent":0,"menu_order":0,"comment_status":"open","ping_status":"closed","template":"","meta":{"footnotes":""},"_links":{"self":[{"href":"https:\/\/framing-spaces.com\/es\/wp-json\/wp\/v2\/pages\/4260"}],"collection":[{"href":"https:\/\/framing-spaces.com\/es\/wp-json\/wp\/v2\/pages"}],"about":[{"href":"https:\/\/framing-spaces.com\/es\/wp-json\/wp\/v2\/types\/page"}],"author":[{"embeddable":true,"href":"https:\/\/framing-spaces.com\/es\/wp-json\/wp\/v2\/users\/1"}],"replies":[{"embeddable":true,"href":"https:\/\/framing-spaces.com\/es\/wp-json\/wp\/v2\/comments?post=4260"}],"version-history":[{"count":123,"href":"https:\/\/framing-spaces.com\/es\/wp-json\/wp\/v2\/pages\/4260\/revisions"}],"predecessor-version":[{"id":5536,"href":"https:\/\/framing-spaces.com\/es\/wp-json\/wp\/v2\/pages\/4260\/revisions\/5536"}],"wp:attachment":[{"href":"https:\/\/framing-spaces.com\/es\/wp-json\/wp\/v2\/media?parent=4260"}],"curies":[{"name":"wp","href":"https:\/\/api.w.org\/{rel}","templated":true}]}}