{"id":2622,"date":"2014-10-01T10:50:46","date_gmt":"2014-10-01T10:50:46","guid":{"rendered":"http:\/\/www.brandexponents.com\/oshin\/v2\/?page_id=2622"},"modified":"2024-05-16T13:40:30","modified_gmt":"2024-05-16T13:40:30","slug":"about","status":"publish","type":"page","link":"https:\/\/framing-spaces.com\/es\/about\/","title":{"rendered":"About Us"},"content":{"rendered":"<div  class=\"tatsu-fqp42yzbnc8e8brj tatsu-section    tatsu-clearfix\" data-title=\"\"  data-headerscheme=\"background--light\"><div class='tatsu-section-pad clearfix' data-padding='{\"d\":\"90px 0% 90px 0%\"}' data-padding-top='90px'><div class=\"tatsu-row-wrap  tatsu-wrap tatsu-row-one-col tatsu-row-has-one-cols tatsu-medium-gutter tatsu-reg-cols  tatsu-clearfix tatsu-fqp42yzboeamo2mn\" ><div  class=\"tatsu-row\" ><div  class=\"tatsu-column  tatsu-bg-overlay tatsu-one-col tatsu-column-image-none tatsu-column-effect-none  tatsu-fqp42yzbom2rwa3m\"  data-parallax-speed=\"0\" style=\"\"><div class=\"tatsu-column-inner\" ><div class=\"tatsu-column-pad-wrap\"><div class=\"tatsu-column-pad\" ><div  class=\"tatsu-module tatsu-text-block-wrap tatsu-fqp42yzbos5as6q5\"><div class=\"tatsu-text-inner tatsu-align-center tatsu-animate clearfix\" data-animation=\"fadeIn\"  ><style>.tatsu-fqp42yzbos5as6q5.tatsu-text-block-wrap .tatsu-text-inner{text-align: center;}.tatsu-fqp42yzbos5as6q5.tatsu-text-block-wrap{margin: 2px 0px 30px 0px;}.tatsu-fqp42yzbos5as6q5.tatsu-text-block-wrap .tatsu-text-inner *{font-family : \"BrandonGrotesque-Medium\",-apple-system,BlinkMacSystemFont,'Segoe UI',Roboto,Oxygen-Sans,Ubuntu,Cantarell,'Helvetica Neue',sans-serif;}@media only screen and (max-width:1377px) {.tatsu-fqp42yzbos5as6q5.tatsu-text-block-wrap .tatsu-text-inner{padding: 0px 0px 0px 2px;}}@media only screen and (min-width:768px) and (max-width: 1024px) {.tatsu-fqp42yzbos5as6q5.tatsu-text-block-wrap{margin: 4px 0px 30px 0px;}}@media only screen and (max-width: 767px) {.tatsu-fqp42yzbos5as6q5.tatsu-text-block-wrap{margin: 4px 0px 30px 0px;}}<\/style>\n<h1 style=\"text-align: center;\"><span style=\"color: #ffffff; letter-spacing: 2px;\">NOSOTROS<\/span><\/h1>\n<\/div><\/div><\/div><\/div><div class = \"tatsu-column-bg-image-wrap\"><div class = \"tatsu-column-bg-image\" ><\/div><\/div><div class=\"tatsu-overlay tatsu-column-overlay tatsu-animate-none\" ><\/div><\/div><style>.tatsu-row > .tatsu-fqp42yzbom2rwa3m.tatsu-column{width: 100%;}.tatsu-fqp42yzbom2rwa3m.tatsu-column > .tatsu-column-inner > .tatsu-column-overlay{mix-blend-mode: normal;}.tatsu-fqp42yzbom2rwa3m > .tatsu-column-inner > .tatsu-top-divider{z-index: 9999;}.tatsu-fqp42yzbom2rwa3m > .tatsu-column-inner > .tatsu-bottom-divider{z-index: 9999;}.tatsu-fqp42yzbom2rwa3m > .tatsu-column-inner > .tatsu-left-divider{z-index: 9999;}.tatsu-fqp42yzbom2rwa3m > .tatsu-column-inner > .tatsu-right-divider{z-index: 9999;}<\/style><\/div><\/div><\/div><\/div><div class=\"tatsu-section-background-wrap\"><div class = \"tatsu-section-background\" ><\/div><\/div><style>.tatsu-fqp42yzbnc8e8brj.tatsu-section{background-color: rgba(59,59,59,1);}.tatsu-fqp42yzbnc8e8brj .tatsu-section-background{background-image: url(http:\/\/framing-spaces.com\/wp-content\/uploads\/2024\/01\/pexels-tamanna-rumee-8767367-scaled.jpg);background-repeat: repeat;background-attachment: scroll;background-position: center center;background-size: cover;}.tatsu-fqp42yzbnc8e8brj .tatsu-bg-blur{background-repeat: repeat;background-attachment: scroll;background-position: center center;background-size: cover;}.tatsu-fqp42yzbnc8e8brj{border-width: 0px 0px px 0px;border-style: solid;}.tatsu-fqp42yzbnc8e8brj .tatsu-section-pad{padding: 90px 0% 90px 0%;}.tatsu-fqp42yzbnc8e8brj > .tatsu-bottom-divider{z-index: 9999;}.tatsu-fqp42yzbnc8e8brj > .tatsu-top-divider{z-index: 9999;}<\/style><\/div><div  class=\"tatsu-fqp42yzbv63ujot5 tatsu-section  tatsu-bg-overlay   tatsu-clearfix\" data-title=\"\"  data-headerscheme=\"background--light\"><div class='tatsu-section-pad clearfix' data-padding='{\"d\":\"45px 0% 0px 0%\",\"l\":\"38px 0% 0px 0%\"}' data-padding-top='45px'><div class=\"tatsu-row-wrap  tatsu-wrap tatsu-row-one-col tatsu-row-has-one-cols tatsu-medium-gutter tatsu-reg-cols  tatsu-clearfix tatsu-fqp42yzbvl7sw788\" ><div  class=\"tatsu-row fs-justify\" ><div  class=\"tatsu-column  tatsu-bg-overlay tatsu-one-col tatsu-column-image-none tatsu-column-effect-none  tatsu-fqp42yzbvrduq62k\"  data-parallax-speed=\"0\" style=\"\"><div class=\"tatsu-column-inner\" ><div class=\"tatsu-column-pad-wrap\"><div class=\"tatsu-column-pad\" ><div  class=\"special-heading-wrap style1 oshine-module  tatsu-animate tatsu-fqp42yzbvwa991sm\" data-animation=\"fadeIn\"  ><div class=\"special-heading align-center\"><h2 class=\"special-h-tag\" >DISCOVER OUR REAL ESTATE, ARCHITECTURE MEDIA SERVICES<\/h2><div class=\"sep-with-icon-wrap margin-bottom\"><span class=\"sep-with-icon\" ><\/span><i class=\"sep-icon font-icon oshine_diamond\"><\/i><span class=\"sep-with-icon\" ><\/span><\/div><\/div><style>.tatsu-fqp42yzbvwa991sm .sep-icon.oshine_diamond{background: #222222;}.tatsu-fqp42yzbvwa991sm .sep-with-icon{height: 1px;width: 27.5px;background: #e8e8e8;}.tatsu-fqp42yzbvwa991sm{margin: 0px 0px 0px 0px;}<\/style><\/div><div  class=\"tatsu-module tatsu-text-block-wrap tatsu-fqp42yzc0w9b0s6p\"><div class=\"tatsu-text-inner tatsu-align-center tatsu-animate clearfix\" data-animation=\"fadeIn\"  ><style>.tatsu-fqp42yzc0w9b0s6p.tatsu-text-block-wrap .tatsu-text-inner{width: 90%;text-align: center;padding: 0px 0px 0px 10px;}.tatsu-fqp42yzc0w9b0s6p.tatsu-text-block-wrap .tatsu-text-inner *{font-family : \"Karla\",-apple-system,BlinkMacSystemFont,'Segoe UI',Roboto,Oxygen-Sans,Ubuntu,Cantarell,'Helvetica Neue',sans-serif;text-transform : none;}<\/style>\n<p style=\"text-align: justify;\" class=\" translation-block\"><span style=\"color: #000000\"><strong>NUESTRA HISTORIA<\/strong><\/span><br>Iniciamos Framing Spaces con la creencia compartida en el poder del contenido visual para dar forma a las percepciones, crear conexiones e impulsar el crecimiento. Nuestro compromiso se basa en la b\u00fasqueda de la excelencia visual, creando im\u00e1genes atractivas que vendan su producto o servicio utilizando para ello todas nuestra creatividad para resaltar sus cualidades y aplicando las ultimas tendencias visuales. Nuestra amplia experiencia nos permite abarcar todos los aspectos de la creaci\u00f3n de contenido visual en los sectores de la <strong>inmobiliaria<\/strong>, <strong>interiorismo<\/strong>, <strong>y arquitectura<\/strong>. Nuestro objetivo es elevar las marcas, cautivar su clientela y redefinir el arte de la narraci\u00f3n visual.<\/p>\n<p style=\"text-align: justify;\" class=\" translation-block\"><span style=\"color: #000000\"><strong>NUESTRA MISI\u00d3N<\/strong><\/span><br>Framing Spaces es una empresa que realiza <strong>fotograf\u00eda y videograf\u00eda<\/strong> dedicada a impulsar el crecimiento de las marcas a trav\u00e9s de la <strong>narraci\u00f3n visual.<\/strong> Nuestra misi\u00f3n gira en torno a la entrega de <strong>contenido visual para que su marca destaque en un mercado competitivo, impulsar sus ventas, cultivar su presencia online, crear conexiones con su clientela<\/strong> y asegurar que usted reciba un valor excepcional por su inversi\u00f3n. Nuestro principal objetivo es <strong>elevar el impacto de su marca<\/strong> a trav\u00e9s de im\u00e1genes creativas de alta calidad que conecte con sus clientes y a su vez promuevan sus productos y servicios.<\/p>\n<p style=\"text-align: justify;\" class=\" translation-block\">Hemos trabajado exitosamente en asociaci\u00f3n con <strong>empresas tanto establecidas como emergentes,<\/strong> para <strong>mejorar su visibilidad en el mercado,<\/strong> cerrando la brecha con prospectos y clientes. Al compartir contenidos visuales de gran relevancia en diversas plataformas online y canales sociales, hemos desempe\u00f1ado un papel fundamental a la hora de <strong>contribuir a que las marcas establezcan conexiones<\/strong> con sus clientes ideales, fomentando asociaciones de confianza y garantizando al mismo tiempo una expansi\u00f3n continua.<\/p>\n<p style=\"text-align: justify;\" class=\" translation-block\"><span style=\"color: #000000\"><strong>NUESTRO PROCESO<\/strong><\/span><br>Una vez realizada nuestra primera llamada de descubrimiento para comprender y conocer su marca, nos sumergimos en la creaci\u00f3n de soluciones visuales que establezcan conexiones significativas con su p\u00fablico objetivo e impulsen sus ventas empleando nuestro m\u00e9todo repartido en 4 fases.<\/p>\n<\/div><\/div><div  class=\"process-style1 oshine-module  tatsu-Hk7tE_YW96\"  data-col=\"1\" ><style>.tatsu-Hk7tE_YW96 .process-sep{background: #efefef;}.tatsu-Hk7tE_YW96{margin: 0px 0px 22px 0px;}<\/style><div  class=\"process-col  tatsu-B1KN_Yb56 align-center\" ><i class=\"font-icon tatsu-icon-flash\" ><\/i><div class=\"process-info\">\n<p class=\" translation-block\"><strong>Fase 1<\/strong><br>Descubrimiento de marca <br>y Planificaci\u00f3n<\/p>\n<\/div><div class=\"process-sep\" style=\"top: 17px;\"><\/div><style>.tatsu-B1KN_Yb56.process-col .font-icon{color: rgba(98,98,98,1) ;font-size: 35px;}<\/style><\/div><div  class=\"process-col  tatsu-rygKV_F-9a align-center\" ><i class=\"font-icon tatsu-icon-lightbulb\" ><\/i><div class=\"process-info\">\n<p class=\" translation-block\"><strong>Fase 2<\/strong> <br>Conceptualizaci\u00f3n<\/p>\n<\/div><div class=\"process-sep\" style=\"top: 17px;\"><\/div><style>.tatsu-rygKV_F-9a.process-col .font-icon{color: rgba(98,98,98,1) ;font-size: 35px;}<\/style><\/div><div  class=\"process-col  tatsu-rJWt4OFW96 align-center\" ><i class=\"font-icon icon-map\" ><\/i><div class=\"process-info\">\n<p style=\"text-align: center;\" class=\" translation-block\"><strong>Fase 3<\/strong> <br>Producci\u00f3n y <br>Implementaci\u00f3n<\/p>\n<\/div><div class=\"process-sep\" style=\"top: 17px;\"><\/div><style>.tatsu-rJWt4OFW96.process-col .font-icon{color: rgba(98,98,98,1) ;font-size: 35px;}<\/style><\/div><div  class=\"process-col  tatsu-r1MKE_FZ56 align-center\" ><i class=\"font-icon icon-icon_cloud-upload\" ><\/i><div class=\"process-info\">\n<p style=\"text-align: center;\" class=\" translation-block\"><strong>Fase 4<\/strong> <br>Revisi\u00f3n <br>y Entrega\u00a0<\/p>\n<\/div><div class=\"process-sep\" style=\"top: 17px;\"><\/div><style>.tatsu-r1MKE_FZ56.process-col .font-icon{color: rgba(98,98,98,1) ;font-size: 35px;}<\/style><\/div><\/div><div  class=\"tatsu-module tatsu-text-block-wrap tatsu-SkdTB9WcT\"><div class=\"tatsu-text-inner tatsu-align-center  clearfix\" ><style>.tatsu-SkdTB9WcT.tatsu-text-block-wrap .tatsu-text-inner{width: 100%;text-align: left;}.tatsu-SkdTB9WcT.tatsu-text-block-wrap{margin: -10px 0px 30px 0px;}.tatsu-SkdTB9WcT.tatsu-text-block-wrap .tatsu-text-inner *{font-family : \"Karla\",-apple-system,BlinkMacSystemFont,'Segoe UI',Roboto,Oxygen-Sans,Ubuntu,Cantarell,'Helvetica Neue',sans-serif;text-transform : none;}<\/style>\n<p style=\"text-align: justify;\" class=\" translation-block\"><strong>+ Fase 1 \/ Descubrimiento de la marca y planificaci\u00f3n<\/strong><br><strong>Consulta detallada con el cliente<\/strong>, investigaci\u00f3n, an\u00e1lisis y proceso de definici\u00f3n de metas para establecer los objetivos y los resultados deseados formando una estrategia completa.<\/p>\n<p style=\"text-align: justify;\" class=\" translation-block\"><strong>+ Fase 2 \/ Conceptualizaci\u00f3n<\/strong><br><strong>Generaci\u00f3n de ideas y desarrollo<\/strong> de conceptos creativos con la marca y los objetivos del cliente. Creaci\u00f3n de una guia visual que defina la estructura del proyecto.<\/p>\n<p style=\"text-align: justify;\" class=\" translation-block\"><strong>+ Fase 3 \/ Producci\u00f3n y Implementaci\u00f3n<\/strong><br>Desarrollar y preparar todos los requisitos para la producci\u00f3n visual establecida.<br><strong>Pre-Production:<\/strong> Preparaci\u00f3n y organizaci\u00f3n del proyecto. Ejecuci\u00f3n de las sesiones fotogr\u00e1ficas y de v\u00eddeo planificadas anteriormente, garantizando un material de alta calidad y la adquisici\u00f3n del contenido visual necesario para el post montaje. <br><strong>Postproducci\u00f3n:<\/strong> Editar y mejorar el contenido visual creado y a\u00f1adir elementos para enriquecer el producto final.<\/p>\n<p style=\"text-align: justify;\" class=\" translation-block\"><strong>+ Fase 4 \/ Revisi\u00f3n y Entrega\u00a0<\/strong><br><strong>Revisi\u00f3n y feedback del cliente<\/strong>, trabajar en los cambios establecidos y proceder al env\u00edo de los activos digitales finales.<\/p>\n<\/div><\/div><\/div><\/div><div class = \"tatsu-column-bg-image-wrap\"><div class = \"tatsu-column-bg-image\" ><\/div><\/div><div class=\"tatsu-overlay tatsu-column-overlay tatsu-animate-none\" ><\/div><\/div><style>.tatsu-row > .tatsu-fqp42yzbvrduq62k.tatsu-column{width: 100%;}.tatsu-fqp42yzbvrduq62k.tatsu-column > .tatsu-column-inner > .tatsu-column-overlay{mix-blend-mode: normal;}.tatsu-fqp42yzbvrduq62k > .tatsu-column-inner > .tatsu-top-divider{z-index: 9999;}.tatsu-fqp42yzbvrduq62k > .tatsu-column-inner > .tatsu-bottom-divider{z-index: 9999;}.tatsu-fqp42yzbvrduq62k > .tatsu-column-inner > .tatsu-left-divider{z-index: 9999;}.tatsu-fqp42yzbvrduq62k > .tatsu-column-inner > .tatsu-right-divider{z-index: 9999;}<\/style><\/div><\/div><\/div><\/div><div class=\"tatsu-section-background-wrap\"><div class = \"tatsu-section-background\" ><\/div><\/div><div class=\"tatsu-overlay tatsu-section-overlay\"><\/div><style>.tatsu-fqp42yzbv63ujot5.tatsu-section{background-color: #ffffff;}.tatsu-fqp42yzbv63ujot5{border-width: 0px 0px px 0px;border-style: solid;}.tatsu-fqp42yzbv63ujot5 .tatsu-section-pad{padding: 45px 0% 0px 0%;}.tatsu-fqp42yzbv63ujot5 > .tatsu-bottom-divider{z-index: 9999;}.tatsu-fqp42yzbv63ujot5 > .tatsu-top-divider{z-index: 9999;}.tatsu-fqp42yzbv63ujot5 .tatsu-section-overlay{mix-blend-mode: normal;}@media only screen and (max-width:1377px) {.tatsu-fqp42yzbv63ujot5 .tatsu-section-pad{padding: 38px 0% 0px 0%;}}<\/style><\/div><div  class=\"tatsu-fqp42yzc8la9pu6u tatsu-section  tatsu-bg-overlay   tatsu-clearfix\" data-title=\"\"  data-headerscheme=\"background--light\"><div class='tatsu-section-pad clearfix' data-padding='{\"d\":\"20px 0% 40px 0%\"}' data-padding-top='20px'><div class=\"tatsu-row-wrap  tatsu-wrap tatsu-row-one-col tatsu-row-has-one-cols tatsu-medium-gutter tatsu-reg-cols  tatsu-clearfix tatsu-fqp42yzc908eb986\" ><style>@media only screen and (max-width:1377px) {.tatsu-fqp42yzc908eb986 > .tatsu-row{margin-top: 0px;}.tatsu-fqp42yzc908eb986.tatsu-row-wrap > .tatsu-row{margin-bottom: -8px;}}<\/style><div  class=\"tatsu-row\" ><div  class=\"tatsu-column  tatsu-bg-overlay tatsu-one-col tatsu-column-image-none tatsu-column-effect-none  tatsu-fqp42yzc953t2ibb\"  data-parallax-speed=\"0\" style=\"\"><div class=\"tatsu-column-inner\" ><div class=\"tatsu-column-pad-wrap\"><div class=\"tatsu-column-pad\" ><div  class=\"tatsu-module tatsu-animated-heading-wrap anime_split_word  tatsu-ry3yCiIcT\"  data-anime-type=\"anime_split_word\" data-anime-duration=\"35\" ><h2 class=\"tatsu-animated-heading-inner\">WHY CHOOSE US<\/h2><style>.tatsu-ry3yCiIcT.tatsu-animated-heading-wrap{text-align: center;}.tatsu-ry3yCiIcT .tatsu-animated-heading-inner{color: #222222 ;font-family : \"BrandonGrotesque-Medium\",-apple-system,BlinkMacSystemFont,'Segoe UI',Roboto,Oxygen-Sans,Ubuntu,Cantarell,'Helvetica Neue',sans-serif;}.tatsu-ry3yCiIcT .tatsu-animated-heading-line{background: rgba(98,98,98,1);}.tatsu-ry3yCiIcT{margin: 10px 0px 22px 0px;}@media only screen and (max-width: 767px) {.tatsu-ry3yCiIcT{margin: 8px 0px 26px 0px;}}<\/style><\/div><div  class=\"tatsu-module tatsu-title-icon  tatsu-S1PUd6S5a\" ><span class=\"tatsu-ti-wrap tatsu-ti medium plain align-left\" ><i class=\"icon-icon_plus tatsu-ti tatsu-ti-icon\"><\/i><\/span><div class=\"tatsu-tc tatsu-tc-custom-space align-left medium plain\">\n<p style=\"text-align: justify;\" class=\" translation-block\"><strong>Enfoque personalizado centrado en el cliente<\/strong><br>Su \u00e9xito es nuestro \u00e9xito. Nos tomamos el tiempo necesario para comprender sus objetivos espec\u00edficos y nos aseguramos de que cada creaci\u00f3n visual se adapte perfectamente a la identidad y los objetivos de su marca. Trabajamos con nuestros clientes, no para ellos, implic\u00e1ndoles en cada paso del proceso.<\/p>\n<\/div><style>.tatsu-S1PUd6S5a .tatsu-ti-icon{color: rgba(98,98,98,1) ;}.tatsu-S1PUd6S5a{margin: 10px 0px 10px 0px;}<\/style><\/div><div  class=\"tatsu-module tatsu-title-icon  tatsu-Sy8kK6rq6\" ><span class=\"tatsu-ti-wrap tatsu-ti medium plain align-left\" ><i class=\"icon-icon_plus tatsu-ti tatsu-ti-icon\"><\/i><\/span><div class=\"tatsu-tc tatsu-tc-custom-space align-left medium plain\">\n<p style=\"text-align: justify;\" class=\" translation-block\"><strong>Entrega rapida y puntual<\/strong><br> En el acelerado mundo de las ventas y marketing donde el contenido visual es la clave determinante, el tiempo lo es todo. Entendemos la importancia de los plazos y nos encargamos de entregar los proyectos a tiempo sin comprometer la calidad.<\/p>\n<\/div><style>.tatsu-Sy8kK6rq6 .tatsu-ti-icon{color: rgba(98,98,98,1) ;}.tatsu-Sy8kK6rq6{margin: 0px 0px 10px 0px;}<\/style><\/div><div  class=\"tatsu-module tatsu-title-icon  tatsu-r1R5uTScT\" ><span class=\"tatsu-ti-wrap tatsu-ti medium plain align-left\" ><i class=\"icon-icon_plus tatsu-ti tatsu-ti-icon\"><\/i><\/span><div class=\"tatsu-tc tatsu-tc-custom-space align-left medium plain\">\n<p style=\"text-align: justify;\" class=\" translation-block\"><strong>Tecnolog\u00eda de vanguardia<\/strong><br>Mant\u00e9ngase a la vanguardia con nuestro compromiso de utilizar tecnolog\u00eda moderna. Aprovechamos los \u00faltimos equipos y m\u00e9todos de procesamiento avanzados para garantizar im\u00e1genes n\u00edtidas de alta calidad.<\/p>\n<\/div><style>.tatsu-r1R5uTScT .tatsu-ti-icon{color: rgba(98,98,98,1) ;}.tatsu-r1R5uTScT{margin: 0px 0px 10px 0px;}<\/style><\/div><div  class=\"tatsu-module tatsu-title-icon  tatsu-HJp3Vs8q6\" ><span class=\"tatsu-ti-wrap tatsu-ti medium plain align-left\" ><i class=\"icon-icon_plus tatsu-ti tatsu-ti-icon\"><\/i><\/span><div class=\"tatsu-tc tatsu-tc-custom-space align-left medium plain\">\n<p style=\"text-align: justify;\" class=\" translation-block\"><strong>Gran dominio creativo y relaci\u00f3n calidad-precio<\/strong><br>Nos aseguramos de que cada proyecto, independientemente de su tama\u00f1o, reciba el mismo nivel de maestr\u00eda creativa y excelencia. Nuestras tarifas competitivas est\u00e1n dise\u00f1ados para ajustarse a su presupuesto y ofrecerle resultados excepcionales.<\/p>\n<\/div><style>.tatsu-HJp3Vs8q6 .tatsu-ti-icon{color: rgba(98,98,98,1) ;}.tatsu-HJp3Vs8q6{margin: 0px 0px 30px 0px;}<\/style><\/div><div  class=\"tatsu-module tatsu-call-to-action tatsu-clearfix  tatsu-BkUMciLcT\" ><div class=\"tatsu-cta-inner\"><h5 class=\"tatsu-action-content\" >P\u00d3NGASE EN CONTACTO Y RESERVE SU SESI\u00d3N<\/h5><a class=\"mediumbtn tatsu-button rounded tatsu-action-button\" href=\"https:\/\/framing-spaces.com\/es\/contact\/\" data-gdpr-atts=\"{}\" ><span>RESERVE <\/span><\/a><style>.tatsu-BkUMciLcT.tatsu-call-to-action{background-color: rgba(98,98,98,1);}.tatsu-BkUMciLcT .tatsu-action-content{color: #ffffff ;}.tatsu-BkUMciLcT .tatsu-action-button:hover{background: #ffffff;border-color: #ffffff; }.tatsu-BkUMciLcT .tatsu-action-button span{color: #ffffff ;}.tatsu-BkUMciLcT .tatsu-action-button:hover span{color: rgba(98,98,98,1) ;}.tatsu-BkUMciLcT .tatsu-action-button{border-width: 1px;border-color: #ffffff; }.tatsu-BkUMciLcT{margin: 20px 0px 0px 0px;}<\/style><\/div><\/div><\/div><\/div><div class = \"tatsu-column-bg-image-wrap\"><div class = \"tatsu-column-bg-image\" ><\/div><\/div><div class=\"tatsu-overlay tatsu-column-overlay tatsu-animate-none\" ><\/div><\/div><style>.tatsu-row > .tatsu-fqp42yzc953t2ibb.tatsu-column{width: 100%;}.tatsu-fqp42yzc953t2ibb.tatsu-column > .tatsu-column-inner > .tatsu-column-overlay{mix-blend-mode: normal;}.tatsu-fqp42yzc953t2ibb > .tatsu-column-inner > .tatsu-top-divider{z-index: 9999;}.tatsu-fqp42yzc953t2ibb > .tatsu-column-inner > .tatsu-bottom-divider{z-index: 9999;}.tatsu-fqp42yzc953t2ibb > .tatsu-column-inner > .tatsu-left-divider{z-index: 9999;}.tatsu-fqp42yzc953t2ibb > .tatsu-column-inner > .tatsu-right-divider{z-index: 9999;}<\/style><\/div><\/div><\/div><\/div><div class=\"tatsu-section-background-wrap\"><div class = \"tatsu-section-background\" ><\/div><\/div><div class=\"tatsu-overlay tatsu-section-overlay\"><\/div><style>.tatsu-fqp42yzc8la9pu6u{border-width: 0px 0px px 0px;border-style: solid;}.tatsu-fqp42yzc8la9pu6u .tatsu-section-pad{padding: 20px 0% 40px 0%;}.tatsu-fqp42yzc8la9pu6u > .tatsu-bottom-divider{z-index: 9999;}.tatsu-fqp42yzc8la9pu6u > .tatsu-top-divider{z-index: 9999;}.tatsu-fqp42yzc8la9pu6u .tatsu-section-overlay{mix-blend-mode: normal;}<\/style><\/div>","protected":false},"excerpt":{"rendered":"<p><a href=\"https:\/\/framing-spaces.com\/es\/about\/\" class=\"more-link style2-button\">Read More<\/a><\/p>","protected":false},"author":1,"featured_media":0,"parent":0,"menu_order":0,"comment_status":"open","ping_status":"closed","template":"","meta":{"footnotes":""},"_links":{"self":[{"href":"https:\/\/framing-spaces.com\/es\/wp-json\/wp\/v2\/pages\/2622"}],"collection":[{"href":"https:\/\/framing-spaces.com\/es\/wp-json\/wp\/v2\/pages"}],"about":[{"href":"https:\/\/framing-spaces.com\/es\/wp-json\/wp\/v2\/types\/page"}],"author":[{"embeddable":true,"href":"https:\/\/framing-spaces.com\/es\/wp-json\/wp\/v2\/users\/1"}],"replies":[{"embeddable":true,"href":"https:\/\/framing-spaces.com\/es\/wp-json\/wp\/v2\/comments?post=2622"}],"version-history":[{"count":268,"href":"https:\/\/framing-spaces.com\/es\/wp-json\/wp\/v2\/pages\/2622\/revisions"}],"predecessor-version":[{"id":5539,"href":"https:\/\/framing-spaces.com\/es\/wp-json\/wp\/v2\/pages\/2622\/revisions\/5539"}],"wp:attachment":[{"href":"https:\/\/framing-spaces.com\/es\/wp-json\/wp\/v2\/media?parent=2622"}],"curies":[{"name":"wp","href":"https:\/\/api.w.org\/{rel}","templated":true}]}}